{"id":2766,"date":"2013-07-04T16:31:14","date_gmt":"2013-07-04T14:31:14","guid":{"rendered":"http:\/\/historikerkraus.de\/blog\/?page_id=2766"},"modified":"2018-03-01T15:16:02","modified_gmt":"2018-03-01T14:16:02","slug":"publikationsliste","status":"publish","type":"page","link":"http:\/\/historikerkraus.de\/blog\/publikationsliste\/","title":{"rendered":"Publikationsliste"},"content":{"rendered":"<p>Hier finden Sie eine Auswahl meiner Publikationen:<\/p>\n<h2 style=\"text-align: center;\">Monographien<\/h2>\n<ul>\n<li>NS-Unrechtsst\u00e4tten in Nordrhein-Westfalen. Ein Forschungsbeitrag zum System der Gewaltherrschaft 1933\u20131945: Lager und Deportationsst\u00e4tten. Schriften zur Bodendenkmalpflege in Nordrhein-Westfalen 4 (Essen 1999 [ISBN 3-88474-738-X ];<br \/>\n<a href=\"http:\/\/historikerkraus.de\/blog\/wp-content\/uploads\/2013\/07\/NS-Unrechtsst\u00e4tten-1.-Auflage.jpg\"><img loading=\"lazy\" decoding=\"async\" class=\"aligncenter size-medium wp-image-2840\" src=\"http:\/\/historikerkraus.de\/blog\/wp-content\/uploads\/2013\/07\/NS-Unrechtsst\u00e4tten-1.-Auflage-267x300.jpg\" alt=\"NS-Unrechtsst\u00e4tten (1. Auflage)\" width=\"267\" height=\"300\" srcset=\"http:\/\/historikerkraus.de\/blog\/wp-content\/uploads\/2013\/07\/NS-Unrechtsst\u00e4tten-1.-Auflage-267x300.jpg 267w, http:\/\/historikerkraus.de\/blog\/wp-content\/uploads\/2013\/07\/NS-Unrechtsst\u00e4tten-1.-Auflage.jpg 618w\" sizes=\"auto, (max-width: 267px) 100vw, 267px\" \/><\/a> <a href=\"http:\/\/www.klartext-verlag.de\/bookdetail.aspx?ISBN=978-3-89861-922-6&amp;EAN=&amp;affil=&amp;Titel=NS-Unrechtsst%e4tten+in+Nordrhein-Westfalen&amp;Autor=+Stefan+Kraus&amp;Subtitel=&amp;Serie=Wir+in+Nordrhein-Westfalen+-+Unsere+Gesammelten+Werke%2c+Band+56\" target=\"_blank\" rel=\"noopener\">Neudruck als Band 56 der Reihe \u201eWir in Nordrhein-Westfalen\u201c<\/a> (Essen 2007 [ISBN 978-3-89861-922-6 ]).<br \/>\n<a href=\"http:\/\/historikerkraus.de\/blog\/wp-content\/uploads\/2013\/07\/NS-Unrechtsst\u00e4tten-2.-Auflage.jpg\"><img loading=\"lazy\" decoding=\"async\" class=\"aligncenter size-medium wp-image-2841\" src=\"http:\/\/historikerkraus.de\/blog\/wp-content\/uploads\/2013\/07\/NS-Unrechtsst\u00e4tten-2.-Auflage-295x300.jpg\" alt=\"NS-Unrechtsst\u00e4tten (2. Auflage)\" width=\"295\" height=\"300\" srcset=\"http:\/\/historikerkraus.de\/blog\/wp-content\/uploads\/2013\/07\/NS-Unrechtsst\u00e4tten-2.-Auflage-295x300.jpg 295w, http:\/\/historikerkraus.de\/blog\/wp-content\/uploads\/2013\/07\/NS-Unrechtsst\u00e4tten-2.-Auflage.jpg 555w\" sizes=\"auto, (max-width: 295px) 100vw, 295px\" \/><\/a><\/li>\n<li><a href=\"http:\/\/www.historikerkraus.de\/index_htm_files\/Dombauverein%20Xanten%20-%20Auszug%20Archiv_2001_opt.pdf\" target=\"_blank\" rel=\"noopener\">Walter Bader. Denkmalpflege in schwerer Zeit.<\/a> Xantener Dombl\u00e4tter 9 (Bielefeld 2001 [ISBN 3-89534-419-2 ])<br \/>\n<a href=\"http:\/\/historikerkraus.de\/blog\/wp-content\/uploads\/2013\/07\/Walter-Bader.jpg\"><img loading=\"lazy\" decoding=\"async\" class=\"aligncenter size-medium wp-image-2844\" src=\"http:\/\/historikerkraus.de\/blog\/wp-content\/uploads\/2013\/07\/Walter-Bader-220x300.jpg\" alt=\"Walter Bader\" width=\"220\" height=\"300\" srcset=\"http:\/\/historikerkraus.de\/blog\/wp-content\/uploads\/2013\/07\/Walter-Bader-220x300.jpg 220w, http:\/\/historikerkraus.de\/blog\/wp-content\/uploads\/2013\/07\/Walter-Bader.jpg 636w\" sizes=\"auto, (max-width: 220px) 100vw, 220px\" \/><\/a><\/li>\n<li>St\u00e4tten nationalsozialistischer Zwangsherrschaft. Karte und Beiheft. Unter Mitarbeit von Walter Rummel. Geschichtlicher Atlas der Rheinlande V\/13, (Bonn 2007 [ISBN 978-3-7749-3521-1 ]).<br \/>\n<a href=\"http:\/\/historikerkraus.de\/blog\/wp-content\/uploads\/2013\/07\/St\u00e4tten-Nationalsozialistischer-Zwangsherrschaft.jpg\"><img loading=\"lazy\" decoding=\"async\" class=\"aligncenter size-medium wp-image-2843\" src=\"http:\/\/historikerkraus.de\/blog\/wp-content\/uploads\/2013\/07\/St\u00e4tten-Nationalsozialistischer-Zwangsherrschaft-213x300.jpg\" alt=\"St\u00e4tten Nationalsozialistischer Zwangsherrschaft\" width=\"213\" height=\"300\" srcset=\"http:\/\/historikerkraus.de\/blog\/wp-content\/uploads\/2013\/07\/St\u00e4tten-Nationalsozialistischer-Zwangsherrschaft-213x300.jpg 213w, http:\/\/historikerkraus.de\/blog\/wp-content\/uploads\/2013\/07\/St\u00e4tten-Nationalsozialistischer-Zwangsherrschaft.jpg 616w\" sizes=\"auto, (max-width: 213px) 100vw, 213px\" \/><\/a><\/li>\n<li>Kraus, Stefan; Patzek, Martin, Theresia Albers. Lehrerin und Ordensgr\u00fcnderin, Leitbild der Theresia-Albers-Stiftung. Lebensbild und die Zeit des Nationalsozialismus 1933 \u2013 1945. Hattingen-Bredenscheid 2012.<br \/>\n<a href=\"http:\/\/historikerkraus.de\/blog\/wp-content\/uploads\/2013\/07\/Theresia-Albers.jpg\"><img loading=\"lazy\" decoding=\"async\" class=\"aligncenter size-medium wp-image-2846\" src=\"http:\/\/historikerkraus.de\/blog\/wp-content\/uploads\/2013\/07\/Theresia-Albers-211x300.jpg\" alt=\"Theresia Albers\" width=\"211\" height=\"300\" srcset=\"http:\/\/historikerkraus.de\/blog\/wp-content\/uploads\/2013\/07\/Theresia-Albers-211x300.jpg 211w, http:\/\/historikerkraus.de\/blog\/wp-content\/uploads\/2013\/07\/Theresia-Albers.jpg 437w\" sizes=\"auto, (max-width: 211px) 100vw, 211px\" \/><\/a><\/li>\n<li><a href=\"http:\/\/www.lindensoft.de\/Kraus\/index.html\" target=\"_blank\" rel=\"noopener\">Entstehung und Entwicklung der staatlichen Bodendenkmalpflege in den preu\u00dfischen Provinzen Rheinland und Westfalen.<\/a> (Aichwald 2012 [ISBN 978-3-929290-37-0 ])<br \/>\n<a href=\"http:\/\/historikerkraus.de\/blog\/wp-content\/uploads\/2013\/07\/Staatliche-Bodendenkmalpflege.jpg\"><img loading=\"lazy\" decoding=\"async\" class=\"aligncenter size-medium wp-image-2842\" src=\"http:\/\/historikerkraus.de\/blog\/wp-content\/uploads\/2013\/07\/Staatliche-Bodendenkmalpflege-212x300.jpg\" alt=\"Staatliche Bodendenkmalpflege\" width=\"212\" height=\"300\" srcset=\"http:\/\/historikerkraus.de\/blog\/wp-content\/uploads\/2013\/07\/Staatliche-Bodendenkmalpflege-212x300.jpg 212w, http:\/\/historikerkraus.de\/blog\/wp-content\/uploads\/2013\/07\/Staatliche-Bodendenkmalpflege.jpg 614w\" sizes=\"auto, (max-width: 212px) 100vw, 212px\" \/><\/a><\/li>\n<li>Kraus, Stefan; Keilhofer, Lisa, Die Grafen Matuschka von Greiffenclau. Exemplo aliis esse debetis. (Regensburg 2017 [ISBN 978-3-86638-248-0]).<\/li>\n<\/ul>\n<p><img loading=\"lazy\" decoding=\"async\" class=\"aligncenter\" src=\"http:\/\/www.dielmann-verlag.de\/uploads\/pictures\/resized\/20180207140653_cover-greiffenclau2_800x600-aspect-wr.jpg\" alt=\"\" width=\"212\" height=\"304\" \/><\/p>\n<h2 style=\"text-align: center;\">Aufs\u00e4tze<\/h2>\n<ul>\n<li value=\"1\">Das St.Viktor-Stift zu Xanten und seine Besitzungen im Ruhrgebiet. In: F. Seibt u. a. (Hrsg.), Vergessene Zeiten \u2013 Mittelalter im Ruhrgebiet. Katalog zur Ausstellung im Ruhrlandmuseum Essen vom 26.09.1990 \u2013 6.01.1991. Bd. 2 Text (Essen 1990) 93\u201396 sowie ebd. Bd. 1 Katalog, 98 und 100.<\/li>\n<li>Eine Scheibenfibel aus der gro\u00dfen Thermenanlage der CUT. Arch\u00e4ologie im Rheinland 1989, 102f.<\/li>\n<li>Die Xantener Museen sind gefragt. Die Besucherstatistik von Arch\u00e4ologischem Park und Regionalmuseum Xanten. In: Colonia Ulpia Traiana, 7. Arbeitsbericht zu den Grabungen und Rekonstruktionen (K\u00f6ln 1992) 68\u201373.<\/li>\n<li>Geschichte, Mythos und Politik. Xantener arch\u00e4ologische Forschung im Interessenstreit der NS-Zeit. Xantener Berichte 5, 1994, 267\u2013286.<\/li>\n<li>Stefan Kraus u. Ch. Schreiter, Cleopatra, USA 1963 \u2013 Ein Ferienkurs im Regionalmuseum Xanten. Xantener Berichte 5, 1994, 287\u2013294.<\/li>\n<li>Zur Geschichte der Arch\u00e4ologischen Denkmalpflege in Deutschland. Westliche Preu\u00dfische Provinzen, Westfalen und Rheinland sowie Hessen und die s\u00e4chsischen und th\u00fcringischen L\u00e4nder 1871 bis 1918. Arch\u00e4ologisches Nachrichtenblatt 5, H.2, 2000, S. 207\u2013216.<\/li>\n<li>\u201eGeschichte der Bodendenkmalpflege in Nordrhein-Westfalen\u201c. Vorbericht zu einem Forschungsprojekt des Rheinischen Amtes f\u00fcr Bodendenkmalpflege. Arch\u00e4ologisches Nachrichtenblatt 6, H. 3, 2001, S. 289\u2013292.<\/li>\n<li>Artikel \u201eNS-Lagersystem\u201c. In: Handbuch der Historischen St\u00e4tten Deutschlands. Nordrhein-Westfalen, 3. Auflage Stuttgart 2006, S. 823\u2013825.<\/li>\n<li>Katholische Priester im Blick der Gestapo. In: Heinrichs, Clemens (Hrsg.), Eine-reine-keine Stadtgesellschaft. Oberhausen im Nationalsozialismus 1933 bis 1945. Oberhausen 2012, S. 125\u2013136.<\/li>\n<li>Christlicher Gewerkschafter: Christian Steger. In: Heinrichs, Clemens (Hrsg.), Eine-reine-keine Stadtgesellschaft. Oberhausen im Nationalsozialismus 1933 bis 1945. Oberhausen 2012, S. 138\u2013139.<\/li>\n<li>Der Beitrag der Geschichts- und Altertumsvereinigungen zur arch\u00e4ologischen Denkmalpflege in der preu\u00dfischen Rheinprovinz. In: Kunow, J\u00fcrgen; Otten, Thomas; Bemmann, Jan (Hrsg.), Arch\u00e4ologie und Bodendenkmalpflege in der Rheinprovinz 1920 \u2013 1945. Tagung im Forum Vogelsang, Schleiden, 14. \u2013 16. Mai 2012. Materialien zur Bodendenkmalpflege im Rheinland. 24, K\u00f6ln 2013, S. 137\u2013150.<\/li>\n<li>Bodendenkmalpflege in Preu\u00dfen w\u00e4hrend der NS-Zeit und in den ersten Nachkriegsjahren. In: BLiCKpunkt Arch\u00e4ologie 3, 2014, S. 14\u201318.<\/li>\n<li>Die Entstehung des Preu\u00dfischen Ausgrabungsgesetzes und seine Regelungen. In: BLiCKpunkt Arch\u00e4ologie 3, 2014, S. 59\u201364.<\/li>\n<li>Denkmalpflege und Bodendenkmalpflege am Niederrhein nach 1945. In: Fuchs, Ralf-Peter; Krumm, Christian; Frank, Simone (Hrsg.), Rhein-Maas. Geschichte, Sprache und Kultur. Band 6: 1945 \u2013 Nachkriegszeit und Wiederaufbau. Rhein-Maas. 6, Oberhausen 2015, S. 65\u201377.<\/li>\n<li>Gemeinschaft \u201eChristen im Aufbruch\u201c. In: Haas, Reimund; Haastert, Marlies (Hrsg.), Bausteine aus der Geschichte des Bistums Essen. Beitr\u00e4ge und Miszellen. 9, M\u00fcnster, Essen 2017, S. 28\u201337.<\/li>\n<li>Rezension zu Gunnar Brands und Martin Maischberger (Herausgeber), Lebensbilder. Klassische Arch\u00e4ologen und der Nationalsozialismus, Band II. Menschen \u2013 Kulturen \u2013 Traditionen. Forschungscluster 5, Geschichte des Deutschen Arch\u00e4ologischen Instituts im 20. Jahrhundert. Verlag Marie Leidorf, Rahden 2016. XII und 436 Seiten mit 155 Abbildungen. In: Bonner Jahrb\u00fccher 216, 2016, S. 458\u2013461.<\/li>\n<\/ul>\n<h2 style=\"text-align: center;\">Internetdokumente<\/h2>\n<ul>\n<li><a href=\"http:\/\/www.rheinische-geschichte.lvr.de\/persoenlichkeiten\/B\/Seiten\/WalterBader.aspx\" target=\"_blank\" rel=\"noopener\">Walter Bader (1901\u20131986), Denkmalpfleger.<\/a> 9.10.2012. In: <a href=\"http:\/\/www.rheinische-geschichte.lvr.de\" target=\"_blank\" rel=\"noopener\">Portal Rheinische Geschichte.<\/a><\/li>\n<\/ul>\n","protected":false},"excerpt":{"rendered":"<p>Hier finden Sie eine Auswahl meiner Publikationen: Monographien NS-Unrechtsst\u00e4tten in Nordrhein-Westfalen. Ein Forschungsbeitrag zum System der Gewaltherrschaft 1933\u20131945: Lager und Deportationsst\u00e4tten. Schriften zur Bodendenkmalpflege in Nordrhein-Westfalen 4 (Essen 1999 [ISBN 3-88474-738-X ]; Neudruck als Band 56 der Reihe \u201eWir in Nordrhein-Westfalen\u201c (Essen 2007 [ISBN 978-3-89861-922-6 ]). Walter Bader. Denkmalpflege in &#8230;<\/p>\n","protected":false},"author":10,"featured_media":0,"parent":0,"menu_order":8,"comment_status":"open","ping_status":"closed","template":"","meta":{"footnotes":""},"class_list":["post-2766","page","type-page","status-publish","hentry"],"aioseo_notices":[],"_links":{"self":[{"href":"http:\/\/historikerkraus.de\/blog\/wp-json\/wp\/v2\/pages\/2766","targetHints":{"allow":["GET"]}}],"collection":[{"href":"http:\/\/historikerkraus.de\/blog\/wp-json\/wp\/v2\/pages"}],"about":[{"href":"http:\/\/historikerkraus.de\/blog\/wp-json\/wp\/v2\/types\/page"}],"author":[{"embeddable":true,"href":"http:\/\/historikerkraus.de\/blog\/wp-json\/wp\/v2\/users\/10"}],"replies":[{"embeddable":true,"href":"http:\/\/historikerkraus.de\/blog\/wp-json\/wp\/v2\/comments?post=2766"}],"version-history":[{"count":33,"href":"http:\/\/historikerkraus.de\/blog\/wp-json\/wp\/v2\/pages\/2766\/revisions"}],"predecessor-version":[{"id":4268,"href":"http:\/\/historikerkraus.de\/blog\/wp-json\/wp\/v2\/pages\/2766\/revisions\/4268"}],"wp:attachment":[{"href":"http:\/\/historikerkraus.de\/blog\/wp-json\/wp\/v2\/media?parent=2766"}],"curies":[{"name":"wp","href":"https:\/\/api.w.org\/{rel}","templated":true}]}}