{"id":2,"date":"2010-06-17T23:40:07","date_gmt":"2010-06-17T23:40:07","guid":{"rendered":"http:\/\/historikerkraus.de\/blog\/?page_id=2"},"modified":"2012-07-30T16:14:47","modified_gmt":"2012-07-30T14:14:47","slug":"eine-seite","status":"publish","type":"page","link":"http:\/\/historikerkraus.de\/blog\/eine-seite\/","title":{"rendered":"Home"},"content":{"rendered":"<p>Dieses Blog widmet sich der Geschichte in einem umfassenden Sinn. Geschichtliche Themen haben hier ihren Platz, Formen und Methoden und vor allem auch Hilfsmittel zur Besch\u00e4ftigung mit der Geschichte und nicht zuletzt Personen und Institutionen, die sich mit der Geschichte befassen.<br \/>\nR\u00e4umlich konzentrieren sich die Beitr\u00e4ge auf Nordrhein-Westfalen, das Ruhrgebiet und hier speziell Oberhausen.<\/p>\n<p>Viel Spa\u00df bei der Lekt\u00fcre meines Blogs!<\/p>\n","protected":false},"excerpt":{"rendered":"<p>Dieses Blog widmet sich der Geschichte in einem umfassenden Sinn. Geschichtliche Themen haben hier ihren Platz, Formen und Methoden und vor allem auch Hilfsmittel zur Besch\u00e4ftigung mit der Geschichte und nicht zuletzt Personen und Institutionen, die sich mit der Geschichte befassen. R\u00e4umlich konzentrieren sich die Beitr\u00e4ge auf Nordrhein-Westfalen, das Ruhrgebiet &#8230;<\/p>\n","protected":false},"author":10,"featured_media":0,"parent":0,"menu_order":0,"comment_status":"open","ping_status":"open","template":"","meta":{"footnotes":""},"class_list":["post-2","page","type-page","status-publish","hentry"],"aioseo_notices":[],"_links":{"self":[{"href":"http:\/\/historikerkraus.de\/blog\/wp-json\/wp\/v2\/pages\/2","targetHints":{"allow":["GET"]}}],"collection":[{"href":"http:\/\/historikerkraus.de\/blog\/wp-json\/wp\/v2\/pages"}],"about":[{"href":"http:\/\/historikerkraus.de\/blog\/wp-json\/wp\/v2\/types\/page"}],"author":[{"embeddable":true,"href":"http:\/\/historikerkraus.de\/blog\/wp-json\/wp\/v2\/users\/10"}],"replies":[{"embeddable":true,"href":"http:\/\/historikerkraus.de\/blog\/wp-json\/wp\/v2\/comments?post=2"}],"version-history":[{"count":4,"href":"http:\/\/historikerkraus.de\/blog\/wp-json\/wp\/v2\/pages\/2\/revisions"}],"predecessor-version":[{"id":2405,"href":"http:\/\/historikerkraus.de\/blog\/wp-json\/wp\/v2\/pages\/2\/revisions\/2405"}],"wp:attachment":[{"href":"http:\/\/historikerkraus.de\/blog\/wp-json\/wp\/v2\/media?parent=2"}],"curies":[{"name":"wp","href":"https:\/\/api.w.org\/{rel}","templated":true}]}}